{"id":128,"date":"2023-07-19T19:57:36","date_gmt":"2023-07-19T17:57:36","guid":{"rendered":"https:\/\/djk-dom-minden.de\/ligafussball\/c-jugend\/?page_id=128"},"modified":"2023-07-19T20:56:59","modified_gmt":"2023-07-19T18:56:59","slug":"c-jugend-saison","status":"publish","type":"page","link":"https:\/\/djk-dom-minden.de\/ligafussball\/c-jugend\/c-jugend-saison\/","title":{"rendered":"C-Jugend Saison"},"content":{"rendered":"\t\t<div data-elementor-type=\"wp-page\" data-elementor-id=\"128\" class=\"elementor elementor-128\" data-elementor-post-type=\"page\">\n\t\t\t\t\t\t<section class=\"elementor-section elementor-top-section elementor-element elementor-element-9b30c4b elementor-section-full_width elementor-section-height-default elementor-section-height-default\" data-id=\"9b30c4b\" data-element_type=\"section\">\n\t\t\t\t\t\t<div class=\"elementor-container elementor-column-gap-no\">\n\t\t\t\t\t<div class=\"elementor-column elementor-col-50 elementor-top-column elementor-element elementor-element-83147c7\" data-id=\"83147c7\" data-element_type=\"column\">\n\t\t\t<div class=\"elementor-widget-wrap elementor-element-populated\">\n\t\t\t\t\t\t<div class=\"elementor-element elementor-element-86ca4b3 elementor-widget elementor-widget-heading\" data-id=\"86ca4b3\" data-element_type=\"widget\" data-widget_type=\"heading.default\">\n\t\t\t\t<div class=\"elementor-widget-container\">\n\t\t\t<h1 class=\"elementor-heading-title elementor-size-default\">C-Jugend Saison 2023<\/h1>\t\t<\/div>\n\t\t\t\t<\/div>\n\t\t\t\t<div class=\"elementor-element elementor-element-d786b6b elementor-widget__width-initial elementor-widget elementor-widget-text-editor\" data-id=\"d786b6b\" data-element_type=\"widget\" data-widget_type=\"text-editor.default\">\n\t\t\t\t<div class=\"elementor-widget-container\">\n\t\t\t\t\t\t\t<p><strong>C-Junioren<\/strong><\/p>\t\t\t\t\t\t<\/div>\n\t\t\t\t<\/div>\n\t\t\t\t<div class=\"elementor-element elementor-element-30ae4ba elementor-widget elementor-widget-html\" data-id=\"30ae4ba\" data-element_type=\"widget\" data-widget_type=\"html.default\">\n\t\t\t\t<div class=\"elementor-widget-container\">\n\t\t\t\t<script type=\"text\/javascript\"\r\n\t\tsrc=\"https:\/\/www.fussball.de\/static\/layout\/fbde2\/egm\/\/js\/widget2.js\">\r\n\t<\/script>\r\n\t<div id=\"widget1\"><\/div>\r\n\t<script type=\"text\/javascript\">\r\n\t\tnew fussballdeWidgetAPI().showWidget('widget1', '02MG8C7OOK000000VUM1DNPHVT4HLAPN');\r\n\t<\/script>\t\t<\/div>\n\t\t\t\t<\/div>\n\t\t\t\t\t<\/div>\n\t\t<\/div>\n\t\t\t\t<div class=\"elementor-column elementor-col-50 elementor-top-column elementor-element elementor-element-5aafc46\" data-id=\"5aafc46\" data-element_type=\"column\" data-settings=\"{&quot;background_background&quot;:&quot;classic&quot;}\">\n\t\t\t<div class=\"elementor-widget-wrap elementor-element-populated\">\n\t\t\t\t\t\t<div class=\"elementor-element elementor-element-845ac20 elementor-widget elementor-widget-global-contacts\" data-id=\"845ac20\" data-element_type=\"widget\" data-widget_type=\"global-contacts.default\">\n\t\t\t\t<div class=\"elementor-widget-container\">\n\t\t\t<div class=\"contact-container\"><div class=\"contacts_headline\"><h2>Ansprechpartner C-Jugend<\/h2><\/div><div class=\"contacts_item\"><div class=\"contacts_name\">Andreas G\u00fcnter<\/div><\/div><\/div>\t\t<\/div>\n\t\t\t\t<\/div>\n\t\t\t\t<div class=\"elementor-element elementor-element-7353855 elementor-widget elementor-widget-global-contacts\" data-id=\"7353855\" data-element_type=\"widget\" data-widget_type=\"global-contacts.default\">\n\t\t\t\t<div class=\"elementor-widget-container\">\n\t\t\t<div class=\"contact-container\"><div class=\"contacts_headline\"><h2>Stellvertretung<\/h2><\/div><div class=\"contacts_item\"><div class=\"contacts_name\">Simon Voth<\/div><div class=\"contacts_mobile\">Mobil: 0176\/23727890<\/div><\/div><\/div>\t\t<\/div>\n\t\t\t\t<\/div>\n\t\t\t\t<section class=\"elementor-section elementor-inner-section elementor-element elementor-element-2dc34fd elementor-section-full_width elementor-hidden-phone elementor-section-height-default elementor-section-height-default\" data-id=\"2dc34fd\" data-element_type=\"section\">\n\t\t\t\t\t\t<div class=\"elementor-container elementor-column-gap-no\">\n\t\t\t\t\t<div class=\"elementor-column elementor-col-100 elementor-inner-column elementor-element elementor-element-0db3cec\" data-id=\"0db3cec\" data-element_type=\"column\" data-settings=\"{&quot;background_background&quot;:&quot;classic&quot;}\">\n\t\t\t<div class=\"elementor-widget-wrap elementor-element-populated\">\n\t\t\t\t\t\t<div class=\"elementor-element elementor-element-9f86557 elementor-widget elementor-widget-heading\" data-id=\"9f86557\" data-element_type=\"widget\" data-widget_type=\"heading.default\">\n\t\t\t\t<div class=\"elementor-widget-container\">\n\t\t\t<h2 class=\"elementor-heading-title elementor-size-default\">Social Media<\/h2>\t\t<\/div>\n\t\t\t\t<\/div>\n\t\t\t\t<div class=\"elementor-element elementor-element-c014e8a elementor-widget elementor-widget-text-editor\" data-id=\"c014e8a\" data-element_type=\"widget\" data-widget_type=\"text-editor.default\">\n\t\t\t\t<div class=\"elementor-widget-container\">\n\t\t\t\t\t\t\t<p>Teile diesen Newsbeitrag mit Deinen Freunden.<\/p>\t\t\t\t\t\t<\/div>\n\t\t\t\t<\/div>\n\t\t\t\t<div class=\"elementor-element elementor-element-a4d3b9f elementor-widget elementor-widget-shortcode\" data-id=\"a4d3b9f\" data-element_type=\"widget\" data-widget_type=\"shortcode.default\">\n\t\t\t\t<div class=\"elementor-widget-container\">\n\t\t\t\t\t<div class=\"elementor-shortcode\"><div class=\"shariff\"><ul class=\"shariff-buttons theme-default orientation-horizontal buttonsize-medium\"><li class=\"shariff-button mastodon shariff-nocustomcolor\" style=\"background-color:#563ACC\"><a href=\"https:\/\/s2f.kytta.dev\/?text=C-Jugend%20Saison https%3A%2F%2Fdjk-dom-minden.de%2Fligafussball%2Fc-jugend%2Fc-jugend-saison%2F\" title=\"Bei Mastodon teilen\" aria-label=\"Bei Mastodon teilen\" role=\"button\" rel=\"noopener nofollow\" class=\"shariff-link\" style=\"; background-color:#6364FF; color:#fff\" target=\"_blank\"><span class=\"shariff-icon\" style=\"\"><svg width=\"75\" height=\"79\" viewBox=\"0 0 75 79\" fill=\"none\" xmlns=\"http:\/\/www.w3.org\/2000\/svg\"><path d=\"M37.813-.025C32.462-.058 27.114.13 21.79.598c-8.544.621-17.214 5.58-20.203 13.931C-1.12 23.318.408 32.622.465 41.65c.375 7.316.943 14.78 3.392 21.73 4.365 9.465 14.781 14.537 24.782 15.385 7.64.698 15.761-.213 22.517-4.026a54.1 54.1 0 0 0 .01-6.232c-6.855 1.316-14.101 2.609-21.049 1.074-3.883-.88-6.876-4.237-7.25-8.215-1.53-3.988 3.78-.43 5.584-.883 9.048 1.224 18.282.776 27.303-.462 7.044-.837 14.26-4.788 16.65-11.833 2.263-6.135 1.215-12.79 1.698-19.177.06-3.84.09-7.692-.262-11.52C72.596 7.844 63.223.981 53.834.684a219.453 219.453 0 0 0-16.022-.71zm11.294 12.882c5.5-.067 10.801 4.143 11.67 9.653.338 1.48.471 3 .471 4.515v21.088h-8.357c-.07-7.588.153-15.182-.131-22.765-.587-4.368-7.04-5.747-9.672-2.397-2.422 3.04-1.47 7.155-1.67 10.735v6.392h-8.307c-.146-4.996.359-10.045-.404-15.002-1.108-4.218-7.809-5.565-10.094-1.666-1.685 3.046-.712 6.634-.976 9.936v14.767h-8.354c.109-8.165-.238-16.344.215-24.5.674-5.346 5.095-10.389 10.676-10.627 4.902-.739 10.103 2.038 12.053 6.631.375 1.435 1.76 1.932 1.994.084 1.844-3.704 5.501-6.739 9.785-6.771.367-.044.735-.068 1.101-.073z\"\/><defs><linearGradient id=\"paint0_linear_549_34\" x1=\"37.0692\" y1=\"0\" x2=\"37.0692\" y2=\"79\" gradientUnits=\"userSpaceOnUse\"><stop stop-color=\"#6364FF\"\/><stop offset=\"1\" stop-color=\"#563ACC\"\/><\/linearGradient><\/defs><\/svg><\/span><span class=\"shariff-text\">teilen<\/span>&nbsp;<\/a><\/li><li class=\"shariff-button facebook shariff-nocustomcolor\" style=\"background-color:#4273c8\"><a href=\"https:\/\/www.facebook.com\/sharer\/sharer.php?u=https%3A%2F%2Fdjk-dom-minden.de%2Fligafussball%2Fc-jugend%2Fc-jugend-saison%2F\" title=\"Bei Facebook teilen\" aria-label=\"Bei Facebook teilen\" role=\"button\" rel=\"nofollow\" class=\"shariff-link\" style=\"; background-color:#3b5998; color:#fff\" target=\"_blank\"><span class=\"shariff-icon\" style=\"\"><svg width=\"32px\" height=\"20px\" xmlns=\"http:\/\/www.w3.org\/2000\/svg\" viewBox=\"0 0 18 32\"><path fill=\"#3b5998\" d=\"M17.1 0.2v4.7h-2.8q-1.5 0-2.1 0.6t-0.5 1.9v3.4h5.2l-0.7 5.3h-4.5v13.6h-5.5v-13.6h-4.5v-5.3h4.5v-3.9q0-3.3 1.9-5.2t5-1.8q2.6 0 4.1 0.2z\"\/><\/svg><\/span><span class=\"shariff-text\">teilen<\/span>&nbsp;<\/a><\/li><li class=\"shariff-button linkedin shariff-nocustomcolor\" style=\"background-color:#1488bf\"><a href=\"https:\/\/www.linkedin.com\/sharing\/share-offsite\/?url=https%3A%2F%2Fdjk-dom-minden.de%2Fligafussball%2Fc-jugend%2Fc-jugend-saison%2F\" title=\"Bei LinkedIn teilen\" aria-label=\"Bei LinkedIn teilen\" role=\"button\" rel=\"noopener nofollow\" class=\"shariff-link\" style=\"; background-color:#0077b5; color:#fff\" target=\"_blank\"><span class=\"shariff-icon\" style=\"\"><svg width=\"32px\" height=\"20px\" xmlns=\"http:\/\/www.w3.org\/2000\/svg\" viewBox=\"0 0 27 32\"><path fill=\"#0077b5\" d=\"M6.2 11.2v17.7h-5.9v-17.7h5.9zM6.6 5.7q0 1.3-0.9 2.2t-2.4 0.9h0q-1.5 0-2.4-0.9t-0.9-2.2 0.9-2.2 2.4-0.9 2.4 0.9 0.9 2.2zM27.4 18.7v10.1h-5.9v-9.5q0-1.9-0.7-2.9t-2.3-1.1q-1.1 0-1.9 0.6t-1.2 1.5q-0.2 0.5-0.2 1.4v9.9h-5.9q0-7.1 0-11.6t0-5.3l0-0.9h5.9v2.6h0q0.4-0.6 0.7-1t1-0.9 1.6-0.8 2-0.3q3 0 4.9 2t1.9 6z\"\/><\/svg><\/span><span class=\"shariff-text\">teilen<\/span>&nbsp;<\/a><\/li><li class=\"shariff-button info shariff-nocustomcolor\" style=\"background-color:#eee\"><a href=\"http:\/\/ct.de\/-2467514\" title=\"Weitere Informationen\" aria-label=\"Weitere Informationen\" role=\"button\" rel=\"noopener \" class=\"shariff-link\" style=\"; background-color:#fff; color:#fff\" target=\"_blank\"><span class=\"shariff-icon\" style=\"\"><svg width=\"32px\" height=\"20px\" xmlns=\"http:\/\/www.w3.org\/2000\/svg\" viewBox=\"0 0 11 32\"><path fill=\"#999\" d=\"M11.4 24v2.3q0 0.5-0.3 0.8t-0.8 0.4h-9.1q-0.5 0-0.8-0.4t-0.4-0.8v-2.3q0-0.5 0.4-0.8t0.8-0.4h1.1v-6.8h-1.1q-0.5 0-0.8-0.4t-0.4-0.8v-2.3q0-0.5 0.4-0.8t0.8-0.4h6.8q0.5 0 0.8 0.4t0.4 0.8v10.3h1.1q0.5 0 0.8 0.4t0.3 0.8zM9.2 3.4v3.4q0 0.5-0.4 0.8t-0.8 0.4h-4.6q-0.4 0-0.8-0.4t-0.4-0.8v-3.4q0-0.4 0.4-0.8t0.8-0.4h4.6q0.5 0 0.8 0.4t0.4 0.8z\"\/><\/svg><\/span><\/a><\/li><\/ul><\/div><\/div>\n\t\t\t\t<\/div>\n\t\t\t\t<\/div>\n\t\t\t\t\t<\/div>\n\t\t<\/div>\n\t\t\t\t\t<\/div>\n\t\t<\/section>\n\t\t\t\t\t<\/div>\n\t\t<\/div>\n\t\t\t\t\t<\/div>\n\t\t<\/section>\n\t\t\t\t<section class=\"elementor-section elementor-top-section elementor-element elementor-element-0bbf4e5 elementor-section-full_width elementor-section-height-default elementor-section-height-default\" data-id=\"0bbf4e5\" data-element_type=\"section\">\n\t\t\t\t\t\t<div class=\"elementor-container elementor-column-gap-default\">\n\t\t\t\t\t<div class=\"elementor-column elementor-col-33 elementor-top-column elementor-element elementor-element-3c0c1d6\" data-id=\"3c0c1d6\" data-element_type=\"column\">\n\t\t\t<div class=\"elementor-widget-wrap elementor-element-populated\">\n\t\t\t\t\t\t<div class=\"elementor-element elementor-element-f032018 elementor-widget elementor-widget-image\" data-id=\"f032018\" data-element_type=\"widget\" data-widget_type=\"image.default\">\n\t\t\t\t<div class=\"elementor-widget-container\">\n\t\t\t\t\t\t\t\t\t\t\t\t\t<img fetchpriority=\"high\" decoding=\"async\" width=\"1024\" height=\"683\" src=\"https:\/\/djk-dom-minden.de\/ligafussball\/c-jugend\/wp-content\/uploads\/sites\/7\/2022\/04\/DJK_Hands-1024x683.jpg\" class=\"attachment-large size-large wp-image-16\" alt=\"\" srcset=\"https:\/\/djk-dom-minden.de\/ligafussball\/c-jugend\/wp-content\/uploads\/sites\/7\/2022\/04\/DJK_Hands-1024x683.jpg 1024w, https:\/\/djk-dom-minden.de\/ligafussball\/c-jugend\/wp-content\/uploads\/sites\/7\/2022\/04\/DJK_Hands-300x200.jpg 300w, https:\/\/djk-dom-minden.de\/ligafussball\/c-jugend\/wp-content\/uploads\/sites\/7\/2022\/04\/DJK_Hands-768x512.jpg 768w, https:\/\/djk-dom-minden.de\/ligafussball\/c-jugend\/wp-content\/uploads\/sites\/7\/2022\/04\/DJK_Hands-1536x1024.jpg 1536w, https:\/\/djk-dom-minden.de\/ligafussball\/c-jugend\/wp-content\/uploads\/sites\/7\/2022\/04\/DJK_Hands-1200x800.jpg 1200w, https:\/\/djk-dom-minden.de\/ligafussball\/c-jugend\/wp-content\/uploads\/sites\/7\/2022\/04\/DJK_Hands-1100x733.jpg 1100w, https:\/\/djk-dom-minden.de\/ligafussball\/c-jugend\/wp-content\/uploads\/sites\/7\/2022\/04\/DJK_Hands-1000x667.jpg 1000w, https:\/\/djk-dom-minden.de\/ligafussball\/c-jugend\/wp-content\/uploads\/sites\/7\/2022\/04\/DJK_Hands-900x600.jpg 900w, https:\/\/djk-dom-minden.de\/ligafussball\/c-jugend\/wp-content\/uploads\/sites\/7\/2022\/04\/DJK_Hands-800x533.jpg 800w, https:\/\/djk-dom-minden.de\/ligafussball\/c-jugend\/wp-content\/uploads\/sites\/7\/2022\/04\/DJK_Hands-700x467.jpg 700w, https:\/\/djk-dom-minden.de\/ligafussball\/c-jugend\/wp-content\/uploads\/sites\/7\/2022\/04\/DJK_Hands-600x400.jpg 600w, https:\/\/djk-dom-minden.de\/ligafussball\/c-jugend\/wp-content\/uploads\/sites\/7\/2022\/04\/DJK_Hands-500x333.jpg 500w, https:\/\/djk-dom-minden.de\/ligafussball\/c-jugend\/wp-content\/uploads\/sites\/7\/2022\/04\/DJK_Hands-400x267.jpg 400w, https:\/\/djk-dom-minden.de\/ligafussball\/c-jugend\/wp-content\/uploads\/sites\/7\/2022\/04\/DJK_Hands-200x133.jpg 200w, https:\/\/djk-dom-minden.de\/ligafussball\/c-jugend\/wp-content\/uploads\/sites\/7\/2022\/04\/DJK_Hands-100x67.jpg 100w, https:\/\/djk-dom-minden.de\/ligafussball\/c-jugend\/wp-content\/uploads\/sites\/7\/2022\/04\/DJK_Hands.jpg 1920w\" sizes=\"(max-width: 1024px) 100vw, 1024px\" \/>\t\t\t\t\t\t\t\t\t\t\t\t\t<\/div>\n\t\t\t\t<\/div>\n\t\t\t\t<div class=\"elementor-element elementor-element-f96f566 elementor-widget elementor-widget-heading\" data-id=\"f96f566\" data-element_type=\"widget\" data-widget_type=\"heading.default\">\n\t\t\t\t<div class=\"elementor-widget-container\">\n\t\t\t<h2 class=\"elementor-heading-title elementor-size-default\">Wir bieten mehr als das<\/h2>\t\t<\/div>\n\t\t\t\t<\/div>\n\t\t\t\t<div class=\"elementor-element elementor-element-98b8c12 elementor-widget elementor-widget-text-editor\" data-id=\"98b8c12\" data-element_type=\"widget\" data-widget_type=\"text-editor.default\">\n\t\t\t\t<div class=\"elementor-widget-container\">\n\t\t\t\t\t\t\t<p>Die DJK Dom Minden bietet ein vielseitiges Kursangebot f\u00fcr alle Altersgruppen, z.B. R\u00fcckenschule, Badminton, Fu\u00dfball, American Football, Tanzen, Kinderturnen, Nordic-Walking und vieles mehr. Wir stelle verschiedene R\u00e4umlichkeiten, wie Turnhallen der Stadt, Kegelbahnen und das Haus am Dom zur Verf\u00fcgung. Sie erm\u00f6glicht Gruppenleitern und -leiterinnen die Weiterbildung auf Pfarr-, Dekanats- und Di\u00f6zesanebene sowie in katholischen Sportschulen und Weiterbildungsst\u00e4tten. Sie stellt Sportger\u00e4te, Literatur und Werkmaterial zur Verf\u00fcgung.<\/p>\t\t\t\t\t\t<\/div>\n\t\t\t\t<\/div>\n\t\t\t\t\t<\/div>\n\t\t<\/div>\n\t\t\t\t<div class=\"elementor-column elementor-col-33 elementor-top-column elementor-element elementor-element-5bc3207\" data-id=\"5bc3207\" data-element_type=\"column\">\n\t\t\t<div class=\"elementor-widget-wrap elementor-element-populated\">\n\t\t\t\t\t\t<div class=\"elementor-element elementor-element-f311ce6 elementor-widget elementor-widget-image\" data-id=\"f311ce6\" data-element_type=\"widget\" data-widget_type=\"image.default\">\n\t\t\t\t<div class=\"elementor-widget-container\">\n\t\t\t\t\t\t\t\t\t\t\t\t\t<img decoding=\"async\" width=\"1024\" height=\"683\" src=\"https:\/\/djk-dom-minden.de\/ligafussball\/c-jugend\/wp-content\/uploads\/sites\/7\/2022\/04\/DJK_Kinder_springen-1024x683.jpg\" class=\"attachment-large size-large wp-image-17\" alt=\"\" srcset=\"https:\/\/djk-dom-minden.de\/ligafussball\/c-jugend\/wp-content\/uploads\/sites\/7\/2022\/04\/DJK_Kinder_springen-1024x683.jpg 1024w, https:\/\/djk-dom-minden.de\/ligafussball\/c-jugend\/wp-content\/uploads\/sites\/7\/2022\/04\/DJK_Kinder_springen-300x200.jpg 300w, https:\/\/djk-dom-minden.de\/ligafussball\/c-jugend\/wp-content\/uploads\/sites\/7\/2022\/04\/DJK_Kinder_springen-768x512.jpg 768w, https:\/\/djk-dom-minden.de\/ligafussball\/c-jugend\/wp-content\/uploads\/sites\/7\/2022\/04\/DJK_Kinder_springen-1200x800.jpg 1200w, https:\/\/djk-dom-minden.de\/ligafussball\/c-jugend\/wp-content\/uploads\/sites\/7\/2022\/04\/DJK_Kinder_springen-1100x733.jpg 1100w, https:\/\/djk-dom-minden.de\/ligafussball\/c-jugend\/wp-content\/uploads\/sites\/7\/2022\/04\/DJK_Kinder_springen-1000x667.jpg 1000w, https:\/\/djk-dom-minden.de\/ligafussball\/c-jugend\/wp-content\/uploads\/sites\/7\/2022\/04\/DJK_Kinder_springen-900x600.jpg 900w, https:\/\/djk-dom-minden.de\/ligafussball\/c-jugend\/wp-content\/uploads\/sites\/7\/2022\/04\/DJK_Kinder_springen-800x533.jpg 800w, https:\/\/djk-dom-minden.de\/ligafussball\/c-jugend\/wp-content\/uploads\/sites\/7\/2022\/04\/DJK_Kinder_springen-700x467.jpg 700w, https:\/\/djk-dom-minden.de\/ligafussball\/c-jugend\/wp-content\/uploads\/sites\/7\/2022\/04\/DJK_Kinder_springen-600x400.jpg 600w, https:\/\/djk-dom-minden.de\/ligafussball\/c-jugend\/wp-content\/uploads\/sites\/7\/2022\/04\/DJK_Kinder_springen-500x333.jpg 500w, https:\/\/djk-dom-minden.de\/ligafussball\/c-jugend\/wp-content\/uploads\/sites\/7\/2022\/04\/DJK_Kinder_springen-400x267.jpg 400w, https:\/\/djk-dom-minden.de\/ligafussball\/c-jugend\/wp-content\/uploads\/sites\/7\/2022\/04\/DJK_Kinder_springen-200x133.jpg 200w, https:\/\/djk-dom-minden.de\/ligafussball\/c-jugend\/wp-content\/uploads\/sites\/7\/2022\/04\/DJK_Kinder_springen-100x67.jpg 100w, https:\/\/djk-dom-minden.de\/ligafussball\/c-jugend\/wp-content\/uploads\/sites\/7\/2022\/04\/DJK_Kinder_springen.jpg 1440w\" sizes=\"(max-width: 1024px) 100vw, 1024px\" \/>\t\t\t\t\t\t\t\t\t\t\t\t\t<\/div>\n\t\t\t\t<\/div>\n\t\t\t\t<div class=\"elementor-element elementor-element-f4a85ab elementor-widget elementor-widget-heading\" data-id=\"f4a85ab\" data-element_type=\"widget\" data-widget_type=\"heading.default\">\n\t\t\t\t<div class=\"elementor-widget-container\">\n\t\t\t<h2 class=\"elementor-heading-title elementor-size-default\">Jugendarbeit ist uns wichtig<\/h2>\t\t<\/div>\n\t\t\t\t<\/div>\n\t\t\t\t<div class=\"elementor-element elementor-element-3a07fc7 elementor-widget elementor-widget-text-editor\" data-id=\"3a07fc7\" data-element_type=\"widget\" data-widget_type=\"text-editor.default\">\n\t\t\t\t<div class=\"elementor-widget-container\">\n\t\t\t\t\t\t\t<p>In der Kinder- und Jugendarbeit wird viel Wert auf drei Gruppen gelegt: die Kids, die Youngsters und die Jugendgruppe. Mit diesen drei Gruppen werden alle Altersklassen abgedeckt. F\u00fcr jeden ist etwas dabei. Einmal im Monat treffen sich die Kinder und Jugendlichen und haben zusammen viel Spa\u00df bei verschiedenen Aktionen. Da die Sch\u00fcler wegen des Ganztags keine Zeit mehr haben, an w\u00f6chentlichen Gruppenstunden teilzunehmen, wurden diese Treffen eingef\u00fchrt.\u00a0<\/p>\t\t\t\t\t\t<\/div>\n\t\t\t\t<\/div>\n\t\t\t\t\t<\/div>\n\t\t<\/div>\n\t\t\t\t<div class=\"elementor-column elementor-col-33 elementor-top-column elementor-element elementor-element-44fe131\" data-id=\"44fe131\" data-element_type=\"column\">\n\t\t\t<div class=\"elementor-widget-wrap elementor-element-populated\">\n\t\t\t\t\t\t<div class=\"elementor-element elementor-element-e9d2ab2 elementor-widget elementor-widget-image\" data-id=\"e9d2ab2\" data-element_type=\"widget\" data-widget_type=\"image.default\">\n\t\t\t\t<div class=\"elementor-widget-container\">\n\t\t\t\t\t\t\t\t\t\t\t\t\t<img decoding=\"async\" width=\"1024\" height=\"1024\" src=\"https:\/\/djk-dom-minden.de\/ligafussball\/c-jugend\/wp-content\/uploads\/sites\/7\/2022\/04\/DJKLogo.svg\" class=\"attachment-large size-large wp-image-11\" alt=\"\" \/>\t\t\t\t\t\t\t\t\t\t\t\t\t<\/div>\n\t\t\t\t<\/div>\n\t\t\t\t<div class=\"elementor-element elementor-element-5b6e77e elementor-widget elementor-widget-heading\" data-id=\"5b6e77e\" data-element_type=\"widget\" data-widget_type=\"heading.default\">\n\t\t\t\t<div class=\"elementor-widget-container\">\n\t\t\t<h2 class=\"elementor-heading-title elementor-size-default\">Wer sind wir<\/h2>\t\t<\/div>\n\t\t\t\t<\/div>\n\t\t\t\t<div class=\"elementor-element elementor-element-6b14cbb elementor-widget elementor-widget-text-editor\" data-id=\"6b14cbb\" data-element_type=\"widget\" data-widget_type=\"text-editor.default\">\n\t\t\t\t<div class=\"elementor-widget-container\">\n\t\t\t\t\t\t\t<p>Dank der Unterst\u00fctzung durch unsere zahlreichen Sponsoren k\u00f6nnen wir jedem Vereinsmitglied Leistungen anbieten: Kostenlose Nutzung aller DJK-Gruppen durch geschulte \u00dcbungsleiter. Faire Mitgliedsbeitr\u00e4ge, gegebenenfalls Nachl\u00e4sse bei Notlagen. Verg\u00fcnstigungen bei Veranstaltungen der DJK Dom Minden. Verg\u00fcnstigungen bei Veranstaltungen der Kooperationspartner.<br \/>Aus- und Weiterbildungsm\u00f6glichkeiten. Au\u00dferdem Angebote der Aus\u00fcbung eines freiwilligen sozialen Jahr (FSJ) und Praktika im Verein.<\/p>\t\t\t\t\t\t<\/div>\n\t\t\t\t<\/div>\n\t\t\t\t\t<\/div>\n\t\t<\/div>\n\t\t\t\t\t<\/div>\n\t\t<\/section>\n\t\t\t\t<\/div>\n\t\t","protected":false},"excerpt":{"rendered":"<p>C-Jugend Saison 2023 C-Junioren Ansprechpartner C-Jugend Andreas G\u00fcnterMobil: 0162\/4777754 Stellvertretung Simon VothMobil: 0176\/23727890 26.07.2023 C-Jugend Datum: 26.07.2023 Start: 16:30 Uhr Ende: 18:30 Uhr Geeignet f\u00fcr: 13 &#8211; 14 Jahre Ort: Bierpohlsportplatz Leiter: Andreas G\u00fcnter Mobil: 0162\/4777754 Vertreter: Simon Voth Mobil: 0176\/23727890 Social Media Teile diesen Newsbeitrag mit Deinen Freunden. Wir bieten mehr als das Die [&hellip;]<\/p>\n","protected":false},"author":4,"featured_media":0,"parent":0,"menu_order":0,"comment_status":"closed","ping_status":"closed","template":"","meta":{"inline_featured_image":false,"footnotes":""},"class_list":["post-128","page","type-page","status-publish","hentry"],"_links":{"self":[{"href":"https:\/\/djk-dom-minden.de\/ligafussball\/c-jugend\/wp-json\/wp\/v2\/pages\/128","targetHints":{"allow":["GET"]}}],"collection":[{"href":"https:\/\/djk-dom-minden.de\/ligafussball\/c-jugend\/wp-json\/wp\/v2\/pages"}],"about":[{"href":"https:\/\/djk-dom-minden.de\/ligafussball\/c-jugend\/wp-json\/wp\/v2\/types\/page"}],"author":[{"embeddable":true,"href":"https:\/\/djk-dom-minden.de\/ligafussball\/c-jugend\/wp-json\/wp\/v2\/users\/4"}],"replies":[{"embeddable":true,"href":"https:\/\/djk-dom-minden.de\/ligafussball\/c-jugend\/wp-json\/wp\/v2\/comments?post=128"}],"version-history":[{"count":8,"href":"https:\/\/djk-dom-minden.de\/ligafussball\/c-jugend\/wp-json\/wp\/v2\/pages\/128\/revisions"}],"predecessor-version":[{"id":136,"href":"https:\/\/djk-dom-minden.de\/ligafussball\/c-jugend\/wp-json\/wp\/v2\/pages\/128\/revisions\/136"}],"wp:attachment":[{"href":"https:\/\/djk-dom-minden.de\/ligafussball\/c-jugend\/wp-json\/wp\/v2\/media?parent=128"}],"curies":[{"name":"wp","href":"https:\/\/api.w.org\/{rel}","templated":true}]}}