{"id":4,"date":"2020-09-09T09:50:50","date_gmt":"2020-09-09T07:50:50","guid":{"rendered":"https:\/\/djk-dom-minden.de\/offener-ganztag\/bewegungsfoerderung\/?page_id=4"},"modified":"2024-12-05T10:59:32","modified_gmt":"2024-12-05T09:59:32","slug":"startseite","status":"publish","type":"page","link":"https:\/\/djk-dom-minden.de\/offener-ganztag\/bewegungsfoerderung\/","title":{"rendered":"Bewegungsf\u00f6rderung"},"content":{"rendered":"\t\t<div data-elementor-type=\"wp-page\" data-elementor-id=\"4\" class=\"elementor elementor-4\" data-elementor-post-type=\"page\">\n\t\t\t\t\t\t<section class=\"elementor-section elementor-top-section elementor-element elementor-element-03b20e3 elementor-section-full_width elementor-section-height-default elementor-section-height-default\" data-id=\"03b20e3\" data-element_type=\"section\">\n\t\t\t\t\t\t<div class=\"elementor-container elementor-column-gap-no\">\n\t\t\t\t\t<div class=\"elementor-column elementor-col-100 elementor-top-column elementor-element elementor-element-41b055e\" data-id=\"41b055e\" data-element_type=\"column\">\n\t\t\t<div class=\"elementor-widget-wrap elementor-element-populated\">\n\t\t\t\t\t\t<div class=\"elementor-element elementor-element-99d955b elementor-widget elementor-widget-global-news-slider\" data-id=\"99d955b\" data-element_type=\"widget\" data-widget_type=\"global-news-slider.default\">\n\t\t\t\t<div class=\"elementor-widget-container\">\n\t\t\t<div class=\"global-news-slider-container\" data-setup={\"slider_name\":\"fullslider69e6a9f6ed99d\",\"autoplay\":false,\"autoplay_speed\":null,\"nav\":true,\"effect_in\":\"\",\"effect_out\":\"\",\"effect_text\":\"bounceInLeft\",\"effect_text_speed\":\"fast\",\"effect_text_delay\":\"delay-1s\",\"effect_text_repeat\":\"repeat-1\",\"dots\":true,\"iconPrev\":{\"value\":\"fas_fa-chevron-left\",\"library\":\"fa-solid\"},\"iconNext\":{\"value\":\"fas_fa-chevron-right\",\"library\":\"fa-solid\"}}><div class=\"global-news-slider owl-carousel fullslider69e6a9f6ed99d\"><\/div><\/div>\t\t<\/div>\n\t\t\t\t<\/div>\n\t\t\t\t\t<\/div>\n\t\t<\/div>\n\t\t\t\t\t<\/div>\n\t\t<\/section>\n\t\t\t\t<section class=\"elementor-section elementor-top-section elementor-element elementor-element-21683e8 elementor-section-full_width elementor-section-height-default elementor-section-height-default\" data-id=\"21683e8\" data-element_type=\"section\">\n\t\t\t\t\t\t<div class=\"elementor-container elementor-column-gap-default\">\n\t\t\t\t\t<div class=\"elementor-column elementor-col-33 elementor-top-column elementor-element elementor-element-721d77f\" data-id=\"721d77f\" data-element_type=\"column\">\n\t\t\t<div class=\"elementor-widget-wrap elementor-element-populated\">\n\t\t\t\t\t\t<div class=\"elementor-element elementor-element-9570fa5 elementor-widget elementor-widget-image\" data-id=\"9570fa5\" data-element_type=\"widget\" data-widget_type=\"image.default\">\n\t\t\t\t<div class=\"elementor-widget-container\">\n\t\t\t\t\t\t\t\t\t\t\t\t\t<img fetchpriority=\"high\" decoding=\"async\" width=\"1024\" height=\"683\" src=\"https:\/\/djk-dom-minden.de\/offener-ganztag\/bewegungsfoerderung\/wp-content\/uploads\/sites\/2\/2020\/11\/DJK_Hands-1024x683.jpg\" class=\"attachment-large size-large wp-image-107\" alt=\"\" srcset=\"https:\/\/djk-dom-minden.de\/offener-ganztag\/bewegungsfoerderung\/wp-content\/uploads\/sites\/2\/2020\/11\/DJK_Hands-1024x683.jpg 1024w, https:\/\/djk-dom-minden.de\/offener-ganztag\/bewegungsfoerderung\/wp-content\/uploads\/sites\/2\/2020\/11\/DJK_Hands-300x200.jpg 300w, https:\/\/djk-dom-minden.de\/offener-ganztag\/bewegungsfoerderung\/wp-content\/uploads\/sites\/2\/2020\/11\/DJK_Hands-768x512.jpg 768w, https:\/\/djk-dom-minden.de\/offener-ganztag\/bewegungsfoerderung\/wp-content\/uploads\/sites\/2\/2020\/11\/DJK_Hands-1536x1024.jpg 1536w, https:\/\/djk-dom-minden.de\/offener-ganztag\/bewegungsfoerderung\/wp-content\/uploads\/sites\/2\/2020\/11\/DJK_Hands-1200x800.jpg 1200w, https:\/\/djk-dom-minden.de\/offener-ganztag\/bewegungsfoerderung\/wp-content\/uploads\/sites\/2\/2020\/11\/DJK_Hands-1100x733.jpg 1100w, https:\/\/djk-dom-minden.de\/offener-ganztag\/bewegungsfoerderung\/wp-content\/uploads\/sites\/2\/2020\/11\/DJK_Hands-1000x667.jpg 1000w, https:\/\/djk-dom-minden.de\/offener-ganztag\/bewegungsfoerderung\/wp-content\/uploads\/sites\/2\/2020\/11\/DJK_Hands-900x600.jpg 900w, https:\/\/djk-dom-minden.de\/offener-ganztag\/bewegungsfoerderung\/wp-content\/uploads\/sites\/2\/2020\/11\/DJK_Hands-800x533.jpg 800w, https:\/\/djk-dom-minden.de\/offener-ganztag\/bewegungsfoerderung\/wp-content\/uploads\/sites\/2\/2020\/11\/DJK_Hands-700x467.jpg 700w, https:\/\/djk-dom-minden.de\/offener-ganztag\/bewegungsfoerderung\/wp-content\/uploads\/sites\/2\/2020\/11\/DJK_Hands-600x400.jpg 600w, https:\/\/djk-dom-minden.de\/offener-ganztag\/bewegungsfoerderung\/wp-content\/uploads\/sites\/2\/2020\/11\/DJK_Hands-500x333.jpg 500w, https:\/\/djk-dom-minden.de\/offener-ganztag\/bewegungsfoerderung\/wp-content\/uploads\/sites\/2\/2020\/11\/DJK_Hands-400x267.jpg 400w, https:\/\/djk-dom-minden.de\/offener-ganztag\/bewegungsfoerderung\/wp-content\/uploads\/sites\/2\/2020\/11\/DJK_Hands-200x133.jpg 200w, https:\/\/djk-dom-minden.de\/offener-ganztag\/bewegungsfoerderung\/wp-content\/uploads\/sites\/2\/2020\/11\/DJK_Hands-100x67.jpg 100w, https:\/\/djk-dom-minden.de\/offener-ganztag\/bewegungsfoerderung\/wp-content\/uploads\/sites\/2\/2020\/11\/DJK_Hands.jpg 1920w\" sizes=\"(max-width: 1024px) 100vw, 1024px\" \/>\t\t\t\t\t\t\t\t\t\t\t\t\t<\/div>\n\t\t\t\t<\/div>\n\t\t\t\t<div class=\"elementor-element elementor-element-e1f8c8c elementor-widget elementor-widget-heading\" data-id=\"e1f8c8c\" data-element_type=\"widget\" data-widget_type=\"heading.default\">\n\t\t\t\t<div class=\"elementor-widget-container\">\n\t\t\t<h2 class=\"elementor-heading-title elementor-size-default\">Wir bieten mehr als das<\/h2>\t\t<\/div>\n\t\t\t\t<\/div>\n\t\t\t\t<div class=\"elementor-element elementor-element-dc42283 elementor-widget elementor-widget-text-editor\" data-id=\"dc42283\" data-element_type=\"widget\" data-widget_type=\"text-editor.default\">\n\t\t\t\t<div class=\"elementor-widget-container\">\n\t\t\t\t\t\t\t<p>Die DJK Dom Minden bietet ein vielseitiges Kursangebot f\u00fcr alle Altersgruppen, z.B. R\u00fcckenschule, Badminton, Fu\u00dfball, American Football, Tanzen, Kinderturnen, Nordic-Walking und vieles mehr. Wir stelle verschiedene R\u00e4umlichkeiten, wie Turnhallen der Stadt, Kegelbahnen und das Haus am Dom zur Verf\u00fcgung. Sie erm\u00f6glicht Gruppenleitern und -leiterinnen die Weiterbildung auf Pfarr-, Dekanats- und Di\u00f6zesanebene sowie in katholischen Sportschulen und Weiterbildungsst\u00e4tten. Sie stellt Sportger\u00e4te, Literatur und Werkmaterial zur Verf\u00fcgung.<\/p>\t\t\t\t\t\t<\/div>\n\t\t\t\t<\/div>\n\t\t\t\t\t<\/div>\n\t\t<\/div>\n\t\t\t\t<div class=\"elementor-column elementor-col-33 elementor-top-column elementor-element elementor-element-5978170\" data-id=\"5978170\" data-element_type=\"column\">\n\t\t\t<div class=\"elementor-widget-wrap elementor-element-populated\">\n\t\t\t\t\t\t<div class=\"elementor-element elementor-element-1c61605 elementor-widget elementor-widget-image\" data-id=\"1c61605\" data-element_type=\"widget\" data-widget_type=\"image.default\">\n\t\t\t\t<div class=\"elementor-widget-container\">\n\t\t\t\t\t\t\t\t\t\t\t\t\t<img decoding=\"async\" width=\"1024\" height=\"683\" src=\"https:\/\/djk-dom-minden.de\/offener-ganztag\/bewegungsfoerderung\/wp-content\/uploads\/sites\/2\/2020\/11\/DJK_Kinder_springen-1024x683.jpg\" class=\"attachment-large size-large wp-image-108\" alt=\"\" srcset=\"https:\/\/djk-dom-minden.de\/offener-ganztag\/bewegungsfoerderung\/wp-content\/uploads\/sites\/2\/2020\/11\/DJK_Kinder_springen-1024x683.jpg 1024w, https:\/\/djk-dom-minden.de\/offener-ganztag\/bewegungsfoerderung\/wp-content\/uploads\/sites\/2\/2020\/11\/DJK_Kinder_springen-300x200.jpg 300w, https:\/\/djk-dom-minden.de\/offener-ganztag\/bewegungsfoerderung\/wp-content\/uploads\/sites\/2\/2020\/11\/DJK_Kinder_springen-768x512.jpg 768w, https:\/\/djk-dom-minden.de\/offener-ganztag\/bewegungsfoerderung\/wp-content\/uploads\/sites\/2\/2020\/11\/DJK_Kinder_springen-1200x800.jpg 1200w, https:\/\/djk-dom-minden.de\/offener-ganztag\/bewegungsfoerderung\/wp-content\/uploads\/sites\/2\/2020\/11\/DJK_Kinder_springen-1100x733.jpg 1100w, https:\/\/djk-dom-minden.de\/offener-ganztag\/bewegungsfoerderung\/wp-content\/uploads\/sites\/2\/2020\/11\/DJK_Kinder_springen-1000x667.jpg 1000w, https:\/\/djk-dom-minden.de\/offener-ganztag\/bewegungsfoerderung\/wp-content\/uploads\/sites\/2\/2020\/11\/DJK_Kinder_springen-900x600.jpg 900w, https:\/\/djk-dom-minden.de\/offener-ganztag\/bewegungsfoerderung\/wp-content\/uploads\/sites\/2\/2020\/11\/DJK_Kinder_springen-800x533.jpg 800w, https:\/\/djk-dom-minden.de\/offener-ganztag\/bewegungsfoerderung\/wp-content\/uploads\/sites\/2\/2020\/11\/DJK_Kinder_springen-700x467.jpg 700w, https:\/\/djk-dom-minden.de\/offener-ganztag\/bewegungsfoerderung\/wp-content\/uploads\/sites\/2\/2020\/11\/DJK_Kinder_springen-600x400.jpg 600w, https:\/\/djk-dom-minden.de\/offener-ganztag\/bewegungsfoerderung\/wp-content\/uploads\/sites\/2\/2020\/11\/DJK_Kinder_springen-500x333.jpg 500w, https:\/\/djk-dom-minden.de\/offener-ganztag\/bewegungsfoerderung\/wp-content\/uploads\/sites\/2\/2020\/11\/DJK_Kinder_springen-400x267.jpg 400w, https:\/\/djk-dom-minden.de\/offener-ganztag\/bewegungsfoerderung\/wp-content\/uploads\/sites\/2\/2020\/11\/DJK_Kinder_springen-200x133.jpg 200w, https:\/\/djk-dom-minden.de\/offener-ganztag\/bewegungsfoerderung\/wp-content\/uploads\/sites\/2\/2020\/11\/DJK_Kinder_springen-100x67.jpg 100w, https:\/\/djk-dom-minden.de\/offener-ganztag\/bewegungsfoerderung\/wp-content\/uploads\/sites\/2\/2020\/11\/DJK_Kinder_springen.jpg 1440w\" sizes=\"(max-width: 1024px) 100vw, 1024px\" \/>\t\t\t\t\t\t\t\t\t\t\t\t\t<\/div>\n\t\t\t\t<\/div>\n\t\t\t\t<div class=\"elementor-element elementor-element-39e4fd3 elementor-widget elementor-widget-heading\" data-id=\"39e4fd3\" data-element_type=\"widget\" data-widget_type=\"heading.default\">\n\t\t\t\t<div class=\"elementor-widget-container\">\n\t\t\t<h2 class=\"elementor-heading-title elementor-size-default\">Jugendarbeit ist uns wichtig<\/h2>\t\t<\/div>\n\t\t\t\t<\/div>\n\t\t\t\t<div class=\"elementor-element elementor-element-d47e7ad elementor-widget elementor-widget-text-editor\" data-id=\"d47e7ad\" data-element_type=\"widget\" data-widget_type=\"text-editor.default\">\n\t\t\t\t<div class=\"elementor-widget-container\">\n\t\t\t\t\t\t\t<p>In der Kinder- und Jugendarbeit wird viel Wert auf drei Gruppen gelegt: die Kids, die Youngsters und die Jugendgruppe. Mit diesen drei Gruppen werden alle Altersklassen abgedeckt. F\u00fcr jeden ist etwas dabei. Einmal im Monat treffen sich die Kinder und Jugendlichen und haben zusammen viel Spa\u00df bei verschiedenen Aktionen. Da die Sch\u00fcler wegen des Ganztags keine Zeit mehr haben, an w\u00f6chentlichen Gruppenstunden teilzunehmen, wurden diese Treffen eingef\u00fchrt.\u00a0<\/p>\t\t\t\t\t\t<\/div>\n\t\t\t\t<\/div>\n\t\t\t\t\t<\/div>\n\t\t<\/div>\n\t\t\t\t<div class=\"elementor-column elementor-col-33 elementor-top-column elementor-element elementor-element-f7e653e\" data-id=\"f7e653e\" data-element_type=\"column\">\n\t\t\t<div class=\"elementor-widget-wrap elementor-element-populated\">\n\t\t\t\t\t\t<div class=\"elementor-element elementor-element-748b48c elementor-widget elementor-widget-image\" data-id=\"748b48c\" data-element_type=\"widget\" data-widget_type=\"image.default\">\n\t\t\t\t<div class=\"elementor-widget-container\">\n\t\t\t\t\t\t\t\t\t\t\t\t\t<img decoding=\"async\" width=\"1024\" height=\"1024\" src=\"https:\/\/djk-dom-minden.de\/offener-ganztag\/bewegungsfoerderung\/wp-content\/uploads\/sites\/2\/2020\/09\/DJK_Logo.svg\" class=\"attachment-large size-large wp-image-18\" alt=\"\" \/>\t\t\t\t\t\t\t\t\t\t\t\t\t<\/div>\n\t\t\t\t<\/div>\n\t\t\t\t<div class=\"elementor-element elementor-element-8e358b0 elementor-widget elementor-widget-heading\" data-id=\"8e358b0\" data-element_type=\"widget\" data-widget_type=\"heading.default\">\n\t\t\t\t<div class=\"elementor-widget-container\">\n\t\t\t<h2 class=\"elementor-heading-title elementor-size-default\">Wer sind wir<\/h2>\t\t<\/div>\n\t\t\t\t<\/div>\n\t\t\t\t<div class=\"elementor-element elementor-element-82e7862 elementor-widget elementor-widget-text-editor\" data-id=\"82e7862\" data-element_type=\"widget\" data-widget_type=\"text-editor.default\">\n\t\t\t\t<div class=\"elementor-widget-container\">\n\t\t\t\t\t\t\t<p>Dank der Unterst\u00fctzung durch unsere zahlreichen Sponsoren k\u00f6nnen wir jedem Vereinsmitglied Leistungen anbieten: Kostenlose Nutzung aller DJK-Gruppen durch geschulte \u00dcbungsleiter. Faire Mitgliedsbeitr\u00e4ge, gegebenenfalls Nachl\u00e4sse bei Notlagen. Verg\u00fcnstigungen bei Veranstaltungen der DJK Dom Minden. Verg\u00fcnstigungen bei Veranstaltungen der Kooperationspartner.<br \/>Aus- und Weiterbildungsm\u00f6glichkeiten. Au\u00dferdem Angebote der Aus\u00fcbung eines freiwilligen sozialen Jahr (FSJ) und Praktika im Verein.<\/p>\t\t\t\t\t\t<\/div>\n\t\t\t\t<\/div>\n\t\t\t\t\t<\/div>\n\t\t<\/div>\n\t\t\t\t\t<\/div>\n\t\t<\/section>\n\t\t\t\t<\/div>\n\t\t","protected":false},"excerpt":{"rendered":"<p>Wir bieten mehr als das Die DJK Dom Minden bietet ein vielseitiges Kursangebot f\u00fcr alle Altersgruppen, z.B. R\u00fcckenschule, Badminton, Fu\u00dfball, American Football, Tanzen, Kinderturnen, Nordic-Walking und vieles mehr. Wir stelle verschiedene R\u00e4umlichkeiten, wie Turnhallen der Stadt, Kegelbahnen und das Haus am Dom zur Verf\u00fcgung. Sie erm\u00f6glicht Gruppenleitern und -leiterinnen die Weiterbildung auf Pfarr-, Dekanats- und [&hellip;]<\/p>\n","protected":false},"author":2,"featured_media":0,"parent":0,"menu_order":0,"comment_status":"closed","ping_status":"closed","template":"","meta":{"inline_featured_image":false,"footnotes":""},"class_list":["post-4","page","type-page","status-publish","hentry"],"_links":{"self":[{"href":"https:\/\/djk-dom-minden.de\/offener-ganztag\/bewegungsfoerderung\/wp-json\/wp\/v2\/pages\/4","targetHints":{"allow":["GET"]}}],"collection":[{"href":"https:\/\/djk-dom-minden.de\/offener-ganztag\/bewegungsfoerderung\/wp-json\/wp\/v2\/pages"}],"about":[{"href":"https:\/\/djk-dom-minden.de\/offener-ganztag\/bewegungsfoerderung\/wp-json\/wp\/v2\/types\/page"}],"author":[{"embeddable":true,"href":"https:\/\/djk-dom-minden.de\/offener-ganztag\/bewegungsfoerderung\/wp-json\/wp\/v2\/users\/2"}],"replies":[{"embeddable":true,"href":"https:\/\/djk-dom-minden.de\/offener-ganztag\/bewegungsfoerderung\/wp-json\/wp\/v2\/comments?post=4"}],"version-history":[{"count":54,"href":"https:\/\/djk-dom-minden.de\/offener-ganztag\/bewegungsfoerderung\/wp-json\/wp\/v2\/pages\/4\/revisions"}],"predecessor-version":[{"id":266,"href":"https:\/\/djk-dom-minden.de\/offener-ganztag\/bewegungsfoerderung\/wp-json\/wp\/v2\/pages\/4\/revisions\/266"}],"wp:attachment":[{"href":"https:\/\/djk-dom-minden.de\/offener-ganztag\/bewegungsfoerderung\/wp-json\/wp\/v2\/media?parent=4"}],"curies":[{"name":"wp","href":"https:\/\/api.w.org\/{rel}","templated":true}]}}