{"id":33,"date":"2022-02-24T13:49:07","date_gmt":"2022-02-24T12:49:07","guid":{"rendered":"https:\/\/djk-dom-minden.de\/rueckenschule\/bauch-beine-po\/?page_id=33"},"modified":"2022-02-24T15:41:46","modified_gmt":"2022-02-24T14:41:46","slug":"news","status":"publish","type":"page","link":"https:\/\/djk-dom-minden.de\/rueckenschule\/bauch-beine-po\/news\/","title":{"rendered":"News"},"content":{"rendered":"\t\t<div data-elementor-type=\"wp-page\" data-elementor-id=\"33\" class=\"elementor elementor-33\" data-elementor-post-type=\"page\">\n\t\t\t\t\t\t<section class=\"elementor-section elementor-top-section elementor-element elementor-element-86c78aa elementor-section-full_width elementor-section-height-default elementor-section-height-default\" data-id=\"86c78aa\" data-element_type=\"section\">\n\t\t\t\t\t\t<div class=\"elementor-container elementor-column-gap-no\">\n\t\t\t\t\t<div class=\"elementor-column elementor-col-100 elementor-top-column elementor-element elementor-element-26f135d\" data-id=\"26f135d\" data-element_type=\"column\">\n\t\t\t<div class=\"elementor-widget-wrap elementor-element-populated\">\n\t\t\t\t\t\t<div class=\"elementor-element elementor-element-510219e elementor-widget elementor-widget-global-news-slider\" data-id=\"510219e\" data-element_type=\"widget\" data-widget_type=\"global-news-slider.default\">\n\t\t\t\t<div class=\"elementor-widget-container\">\n\t\t\t<div class=\"global-news-slider-container\" data-setup={\"slider_name\":\"fullslider69f43bd5bf2bf\",\"autoplay\":false,\"autoplay_speed\":null,\"nav\":true,\"effect_in\":\"\",\"effect_out\":\"\",\"effect_text\":\"bounceInLeft\",\"effect_text_speed\":\"fast\",\"effect_text_delay\":\"delay-1s\",\"effect_text_repeat\":\"repeat-1\",\"dots\":true,\"iconPrev\":{\"value\":\"fas_fa-chevron-left\",\"library\":\"fa-solid\"},\"iconNext\":{\"value\":\"fas_fa-chevron-right\",\"library\":\"fa-solid\"}}><div class=\"global-news-slider owl-carousel fullslider69f43bd5bf2bf\"><figure class=\"effect-jazz\"><img data-src=\"https:\/\/djk-dom-minden.de\/rueckenschule\/bauch-beine-po\/wp-content\/uploads\/sites\/2\/2022\/02\/bbp_workout_05-e1662628979322-100x38.jpg\" class=\"lazyload\" data-srcset=\"https:\/\/djk-dom-minden.de\/rueckenschule\/bauch-beine-po\/wp-content\/uploads\/sites\/2\/2022\/02\/bbp_workout_05-e1662628979322-300x114.jpg 300w, https:\/\/djk-dom-minden.de\/rueckenschule\/bauch-beine-po\/wp-content\/uploads\/sites\/2\/2022\/02\/bbp_workout_05-e1662628979322-150x150.jpg 150w, https:\/\/djk-dom-minden.de\/rueckenschule\/bauch-beine-po\/wp-content\/uploads\/sites\/2\/2022\/02\/bbp_workout_05-e1662628979322-500x190.jpg 500w, https:\/\/djk-dom-minden.de\/rueckenschule\/bauch-beine-po\/wp-content\/uploads\/sites\/2\/2022\/02\/bbp_workout_05-e1662628979322-400x152.jpg 400w, https:\/\/djk-dom-minden.de\/rueckenschule\/bauch-beine-po\/wp-content\/uploads\/sites\/2\/2022\/02\/bbp_workout_05-e1662628979322-300x114.jpg 300w, https:\/\/djk-dom-minden.de\/rueckenschule\/bauch-beine-po\/wp-content\/uploads\/sites\/2\/2022\/02\/bbp_workout_05-e1662628979322-200x76.jpg 200w, https:\/\/djk-dom-minden.de\/rueckenschule\/bauch-beine-po\/wp-content\/uploads\/sites\/2\/2022\/02\/bbp_workout_05-e1662628979322-100x38.jpg 100w\" data-sizes=\"auto\"\/><a href=\"https:\/\/djk-dom-minden.de\/rueckenschule\/bauch-beine-po\/news\/bauch-beine-po-ist-der-absolute-workout-klassiker\" target=\"_self\"><figcaption><span class=\"title\"><p class=\"tag\">Bauch-Beine-Po ist der absolute Workout-Klassiker.<\/p><\/span><span class=\"teaser_highlight\"><span class=\"teaser\"><p>ab 22. November geht es los<\/p><p><\/p><\/span><\/span><\/figcaption><\/a><\/figure><figure class=\"effect-jazz\"><img data-src=\"https:\/\/djk-dom-minden.de\/rueckenschule\/bauch-beine-po\/wp-content\/uploads\/sites\/2\/2022\/02\/bbp_workout_teaser-100x33.jpg\" class=\"lazyload\" data-srcset=\"https:\/\/djk-dom-minden.de\/rueckenschule\/bauch-beine-po\/wp-content\/uploads\/sites\/2\/2022\/02\/bbp_workout_teaser-300x98.jpg 300w, https:\/\/djk-dom-minden.de\/rueckenschule\/bauch-beine-po\/wp-content\/uploads\/sites\/2\/2022\/02\/bbp_workout_teaser-1024x333.jpg 1024w, https:\/\/djk-dom-minden.de\/rueckenschule\/bauch-beine-po\/wp-content\/uploads\/sites\/2\/2022\/02\/bbp_workout_teaser-150x150.jpg 150w, https:\/\/djk-dom-minden.de\/rueckenschule\/bauch-beine-po\/wp-content\/uploads\/sites\/2\/2022\/02\/bbp_workout_teaser-768x250.jpg 768w, https:\/\/djk-dom-minden.de\/rueckenschule\/bauch-beine-po\/wp-content\/uploads\/sites\/2\/2022\/02\/bbp_workout_teaser-1536x499.jpg 1536w, https:\/\/djk-dom-minden.de\/rueckenschule\/bauch-beine-po\/wp-content\/uploads\/sites\/2\/2022\/02\/bbp_workout_teaser-1200x390.jpg 1200w, https:\/\/djk-dom-minden.de\/rueckenschule\/bauch-beine-po\/wp-content\/uploads\/sites\/2\/2022\/02\/bbp_workout_teaser-1100x358.jpg 1100w, https:\/\/djk-dom-minden.de\/rueckenschule\/bauch-beine-po\/wp-content\/uploads\/sites\/2\/2022\/02\/bbp_workout_teaser-1000x325.jpg 1000w, https:\/\/djk-dom-minden.de\/rueckenschule\/bauch-beine-po\/wp-content\/uploads\/sites\/2\/2022\/02\/bbp_workout_teaser-900x293.jpg 900w, https:\/\/djk-dom-minden.de\/rueckenschule\/bauch-beine-po\/wp-content\/uploads\/sites\/2\/2022\/02\/bbp_workout_teaser-800x260.jpg 800w, https:\/\/djk-dom-minden.de\/rueckenschule\/bauch-beine-po\/wp-content\/uploads\/sites\/2\/2022\/02\/bbp_workout_teaser-700x228.jpg 700w, https:\/\/djk-dom-minden.de\/rueckenschule\/bauch-beine-po\/wp-content\/uploads\/sites\/2\/2022\/02\/bbp_workout_teaser-600x195.jpg 600w, https:\/\/djk-dom-minden.de\/rueckenschule\/bauch-beine-po\/wp-content\/uploads\/sites\/2\/2022\/02\/bbp_workout_teaser-500x163.jpg 500w, https:\/\/djk-dom-minden.de\/rueckenschule\/bauch-beine-po\/wp-content\/uploads\/sites\/2\/2022\/02\/bbp_workout_teaser-400x130.jpg 400w, https:\/\/djk-dom-minden.de\/rueckenschule\/bauch-beine-po\/wp-content\/uploads\/sites\/2\/2022\/02\/bbp_workout_teaser-300x98.jpg 300w, https:\/\/djk-dom-minden.de\/rueckenschule\/bauch-beine-po\/wp-content\/uploads\/sites\/2\/2022\/02\/bbp_workout_teaser-200x65.jpg 200w, https:\/\/djk-dom-minden.de\/rueckenschule\/bauch-beine-po\/wp-content\/uploads\/sites\/2\/2022\/02\/bbp_workout_teaser-100x33.jpg 100w\" data-sizes=\"auto\"\/><a href=\"https:\/\/djk-dom-minden.de\/rueckenschule\/bauch-beine-po\/news\/bbp-straffung-der-figur\" target=\"_self\"><figcaption><span class=\"title\"><p class=\"tag\">BBP \u2013 Straffung der Figur<\/p><\/span><span class=\"teaser_highlight\"><span class=\"teaser\"><p>Werde fit mit BBP<\/p><p>Bauch Beine Po<\/p><\/span><\/span><\/figcaption><\/a><\/figure><figure class=\"effect-jazz\"><img data-src=\"https:\/\/djk-dom-minden.de\/rueckenschule\/bauch-beine-po\/wp-content\/uploads\/sites\/2\/2022\/02\/bbp_workout_05-e1662628979322-100x38.jpg\" class=\"lazyload\" data-srcset=\"https:\/\/djk-dom-minden.de\/rueckenschule\/bauch-beine-po\/wp-content\/uploads\/sites\/2\/2022\/02\/bbp_workout_05-e1662628979322-300x114.jpg 300w, https:\/\/djk-dom-minden.de\/rueckenschule\/bauch-beine-po\/wp-content\/uploads\/sites\/2\/2022\/02\/bbp_workout_05-e1662628979322-150x150.jpg 150w, https:\/\/djk-dom-minden.de\/rueckenschule\/bauch-beine-po\/wp-content\/uploads\/sites\/2\/2022\/02\/bbp_workout_05-e1662628979322-500x190.jpg 500w, https:\/\/djk-dom-minden.de\/rueckenschule\/bauch-beine-po\/wp-content\/uploads\/sites\/2\/2022\/02\/bbp_workout_05-e1662628979322-400x152.jpg 400w, https:\/\/djk-dom-minden.de\/rueckenschule\/bauch-beine-po\/wp-content\/uploads\/sites\/2\/2022\/02\/bbp_workout_05-e1662628979322-300x114.jpg 300w, https:\/\/djk-dom-minden.de\/rueckenschule\/bauch-beine-po\/wp-content\/uploads\/sites\/2\/2022\/02\/bbp_workout_05-e1662628979322-200x76.jpg 200w, https:\/\/djk-dom-minden.de\/rueckenschule\/bauch-beine-po\/wp-content\/uploads\/sites\/2\/2022\/02\/bbp_workout_05-e1662628979322-100x38.jpg 100w\" data-sizes=\"auto\"\/><a href=\"https:\/\/djk-dom-minden.de\/rueckenschule\/bauch-beine-po\/news\/neustart-fuer-bauch-beine-po-im-sportverein\" target=\"_self\"><figcaption><span class=\"title\"><p class=\"tag\">Neustart f\u00fcr Bauch Beine Po im Sportverein<\/p><\/span><\/figcaption><\/a><\/figure><\/div><\/div>\t\t<\/div>\n\t\t\t\t<\/div>\n\t\t\t\t\t<\/div>\n\t\t<\/div>\n\t\t\t\t\t<\/div>\n\t\t<\/section>\n\t\t\t\t<section class=\"elementor-section elementor-top-section elementor-element elementor-element-f8fc976 elementor-section-full_width elementor-section-height-default elementor-section-height-default\" data-id=\"f8fc976\" data-element_type=\"section\">\n\t\t\t\t\t\t<div class=\"elementor-container elementor-column-gap-no\">\n\t\t\t\t\t<div class=\"elementor-column elementor-col-33 elementor-top-column elementor-element elementor-element-bc2ef6b\" data-id=\"bc2ef6b\" data-element_type=\"column\" data-settings=\"{&quot;background_background&quot;:&quot;gradient&quot;}\">\n\t\t\t<div class=\"elementor-widget-wrap elementor-element-populated\">\n\t\t\t\t\t<div class=\"elementor-background-overlay\"><\/div>\n\t\t\t\t\t\t\t<\/div>\n\t\t<\/div>\n\t\t\t\t<div class=\"elementor-column elementor-col-33 elementor-top-column elementor-element elementor-element-9648eb1\" data-id=\"9648eb1\" data-element_type=\"column\" data-settings=\"{&quot;background_background&quot;:&quot;classic&quot;}\">\n\t\t\t<div class=\"elementor-widget-wrap elementor-element-populated\">\n\t\t\t\t\t\t\t<\/div>\n\t\t<\/div>\n\t\t\t\t<div class=\"elementor-column elementor-col-33 elementor-top-column elementor-element elementor-element-b238810\" data-id=\"b238810\" data-element_type=\"column\" data-settings=\"{&quot;background_background&quot;:&quot;classic&quot;}\">\n\t\t\t<div class=\"elementor-widget-wrap elementor-element-populated\">\n\t\t\t\t\t\t<div class=\"elementor-element elementor-element-f7a5bbc elementor-widget elementor-widget-template\" data-id=\"f7a5bbc\" data-element_type=\"widget\" data-widget_type=\"template.default\">\n\t\t\t\t<div class=\"elementor-widget-container\">\n\t\t\t\t\t<div class=\"elementor-template\">\n\t\t\t\t\t<\/div>\n\t\t\t\t<\/div>\n\t\t\t\t<\/div>\n\t\t\t\t\t<\/div>\n\t\t<\/div>\n\t\t\t\t\t<\/div>\n\t\t<\/section>\n\t\t\t\t<section class=\"elementor-section elementor-top-section elementor-element elementor-element-79732e1 elementor-section-full_width elementor-section-height-default elementor-section-height-default\" data-id=\"79732e1\" data-element_type=\"section\">\n\t\t\t\t\t\t<div class=\"elementor-container elementor-column-gap-no\">\n\t\t\t\t\t<div class=\"elementor-column elementor-col-100 elementor-top-column elementor-element elementor-element-a61124b\" data-id=\"a61124b\" data-element_type=\"column\">\n\t\t\t<div class=\"elementor-widget-wrap elementor-element-populated\">\n\t\t\t\t\t\t<div class=\"elementor-element elementor-element-64b0577 elementor-widget elementor-widget-heading\" data-id=\"64b0577\" data-element_type=\"widget\" data-widget_type=\"heading.default\">\n\t\t\t\t<div class=\"elementor-widget-container\">\n\t\t\t<h1 class=\"elementor-heading-title elementor-size-default\">Aktuelle News<\/h1>\t\t<\/div>\n\t\t\t\t<\/div>\n\t\t\t\t<div class=\"elementor-element elementor-element-0cec1d9 elementor-widget elementor-widget-global-news-overview\" data-id=\"0cec1d9\" data-element_type=\"widget\" data-widget_type=\"global-news-overview.default\">\n\t\t\t\t<div class=\"elementor-widget-container\">\n\t\t\t<div class=\"grid\"><figure class=\"effect-jazz\"><img data-src=\"https:\/\/djk-dom-minden.de\/rueckenschule\/bauch-beine-po\/wp-content\/uploads\/sites\/2\/2022\/02\/bbp_workout_05-e1662628979322-100x38.jpg\" class=\"lazyload\" data-srcset=\"https:\/\/djk-dom-minden.de\/rueckenschule\/bauch-beine-po\/wp-content\/uploads\/sites\/2\/2022\/02\/bbp_workout_05-e1662628979322-300x114.jpg 300w, https:\/\/djk-dom-minden.de\/rueckenschule\/bauch-beine-po\/wp-content\/uploads\/sites\/2\/2022\/02\/bbp_workout_05-e1662628979322-150x150.jpg 150w, https:\/\/djk-dom-minden.de\/rueckenschule\/bauch-beine-po\/wp-content\/uploads\/sites\/2\/2022\/02\/bbp_workout_05-e1662628979322-500x190.jpg 500w, https:\/\/djk-dom-minden.de\/rueckenschule\/bauch-beine-po\/wp-content\/uploads\/sites\/2\/2022\/02\/bbp_workout_05-e1662628979322-400x152.jpg 400w, https:\/\/djk-dom-minden.de\/rueckenschule\/bauch-beine-po\/wp-content\/uploads\/sites\/2\/2022\/02\/bbp_workout_05-e1662628979322-300x114.jpg 300w, https:\/\/djk-dom-minden.de\/rueckenschule\/bauch-beine-po\/wp-content\/uploads\/sites\/2\/2022\/02\/bbp_workout_05-e1662628979322-200x76.jpg 200w, https:\/\/djk-dom-minden.de\/rueckenschule\/bauch-beine-po\/wp-content\/uploads\/sites\/2\/2022\/02\/bbp_workout_05-e1662628979322-100x38.jpg 100w\" data-sizes=\"auto\"\/><a href=\"https:\/\/djk-dom-minden.de\/rueckenschule\/bauch-beine-po\/news\/bauch-beine-po-ist-der-absolute-workout-klassiker\" target=\"_self\"><figcaption><div class=\"fig-item\"><span class=\"title\"><h3>Bauch-Beine-Po ist der absolute...<\/h3><\/span><span class=\"date\"><h5>08.09.2022<\/h5><\/span><\/div><\/figcaption><\/a><\/figure><figure class=\"effect-jazz\"><img data-src=\"https:\/\/djk-dom-minden.de\/rueckenschule\/bauch-beine-po\/wp-content\/uploads\/sites\/2\/2022\/02\/bbp_workout_teaser-100x33.jpg\" class=\"lazyload\" data-srcset=\"https:\/\/djk-dom-minden.de\/rueckenschule\/bauch-beine-po\/wp-content\/uploads\/sites\/2\/2022\/02\/bbp_workout_teaser-300x98.jpg 300w, https:\/\/djk-dom-minden.de\/rueckenschule\/bauch-beine-po\/wp-content\/uploads\/sites\/2\/2022\/02\/bbp_workout_teaser-1024x333.jpg 1024w, https:\/\/djk-dom-minden.de\/rueckenschule\/bauch-beine-po\/wp-content\/uploads\/sites\/2\/2022\/02\/bbp_workout_teaser-150x150.jpg 150w, https:\/\/djk-dom-minden.de\/rueckenschule\/bauch-beine-po\/wp-content\/uploads\/sites\/2\/2022\/02\/bbp_workout_teaser-768x250.jpg 768w, https:\/\/djk-dom-minden.de\/rueckenschule\/bauch-beine-po\/wp-content\/uploads\/sites\/2\/2022\/02\/bbp_workout_teaser-1536x499.jpg 1536w, https:\/\/djk-dom-minden.de\/rueckenschule\/bauch-beine-po\/wp-content\/uploads\/sites\/2\/2022\/02\/bbp_workout_teaser-1200x390.jpg 1200w, https:\/\/djk-dom-minden.de\/rueckenschule\/bauch-beine-po\/wp-content\/uploads\/sites\/2\/2022\/02\/bbp_workout_teaser-1100x358.jpg 1100w, https:\/\/djk-dom-minden.de\/rueckenschule\/bauch-beine-po\/wp-content\/uploads\/sites\/2\/2022\/02\/bbp_workout_teaser-1000x325.jpg 1000w, https:\/\/djk-dom-minden.de\/rueckenschule\/bauch-beine-po\/wp-content\/uploads\/sites\/2\/2022\/02\/bbp_workout_teaser-900x293.jpg 900w, https:\/\/djk-dom-minden.de\/rueckenschule\/bauch-beine-po\/wp-content\/uploads\/sites\/2\/2022\/02\/bbp_workout_teaser-800x260.jpg 800w, https:\/\/djk-dom-minden.de\/rueckenschule\/bauch-beine-po\/wp-content\/uploads\/sites\/2\/2022\/02\/bbp_workout_teaser-700x228.jpg 700w, https:\/\/djk-dom-minden.de\/rueckenschule\/bauch-beine-po\/wp-content\/uploads\/sites\/2\/2022\/02\/bbp_workout_teaser-600x195.jpg 600w, https:\/\/djk-dom-minden.de\/rueckenschule\/bauch-beine-po\/wp-content\/uploads\/sites\/2\/2022\/02\/bbp_workout_teaser-500x163.jpg 500w, https:\/\/djk-dom-minden.de\/rueckenschule\/bauch-beine-po\/wp-content\/uploads\/sites\/2\/2022\/02\/bbp_workout_teaser-400x130.jpg 400w, https:\/\/djk-dom-minden.de\/rueckenschule\/bauch-beine-po\/wp-content\/uploads\/sites\/2\/2022\/02\/bbp_workout_teaser-300x98.jpg 300w, https:\/\/djk-dom-minden.de\/rueckenschule\/bauch-beine-po\/wp-content\/uploads\/sites\/2\/2022\/02\/bbp_workout_teaser-200x65.jpg 200w, https:\/\/djk-dom-minden.de\/rueckenschule\/bauch-beine-po\/wp-content\/uploads\/sites\/2\/2022\/02\/bbp_workout_teaser-100x33.jpg 100w\" data-sizes=\"auto\"\/><a href=\"https:\/\/djk-dom-minden.de\/rueckenschule\/bauch-beine-po\/news\/bbp-straffung-der-figur\" target=\"_self\"><figcaption><div class=\"fig-item\"><span class=\"title\"><h3>BBP \u2013 Straffung der Figur<\/h3><\/span><span class=\"date\"><h5>24.02.2022<\/h5><\/span><\/div><\/figcaption><\/a><\/figure><figure class=\"effect-jazz\"><img data-src=\"https:\/\/djk-dom-minden.de\/rueckenschule\/bauch-beine-po\/wp-content\/uploads\/sites\/2\/2022\/02\/bbp_workout_05-e1662628979322-100x38.jpg\" class=\"lazyload\" data-srcset=\"https:\/\/djk-dom-minden.de\/rueckenschule\/bauch-beine-po\/wp-content\/uploads\/sites\/2\/2022\/02\/bbp_workout_05-e1662628979322-300x114.jpg 300w, https:\/\/djk-dom-minden.de\/rueckenschule\/bauch-beine-po\/wp-content\/uploads\/sites\/2\/2022\/02\/bbp_workout_05-e1662628979322-150x150.jpg 150w, https:\/\/djk-dom-minden.de\/rueckenschule\/bauch-beine-po\/wp-content\/uploads\/sites\/2\/2022\/02\/bbp_workout_05-e1662628979322-500x190.jpg 500w, https:\/\/djk-dom-minden.de\/rueckenschule\/bauch-beine-po\/wp-content\/uploads\/sites\/2\/2022\/02\/bbp_workout_05-e1662628979322-400x152.jpg 400w, https:\/\/djk-dom-minden.de\/rueckenschule\/bauch-beine-po\/wp-content\/uploads\/sites\/2\/2022\/02\/bbp_workout_05-e1662628979322-300x114.jpg 300w, https:\/\/djk-dom-minden.de\/rueckenschule\/bauch-beine-po\/wp-content\/uploads\/sites\/2\/2022\/02\/bbp_workout_05-e1662628979322-200x76.jpg 200w, https:\/\/djk-dom-minden.de\/rueckenschule\/bauch-beine-po\/wp-content\/uploads\/sites\/2\/2022\/02\/bbp_workout_05-e1662628979322-100x38.jpg 100w\" data-sizes=\"auto\"\/><a href=\"https:\/\/djk-dom-minden.de\/rueckenschule\/bauch-beine-po\/news\/neustart-fuer-bauch-beine-po-im-sportverein\" target=\"_self\"><figcaption><div class=\"fig-item\"><span class=\"title\"><h3>Neustart f\u00fcr Bauch Beine Po im...<\/h3><\/span><span class=\"date\"><h5>07.08.2024<\/h5><\/span><\/div><\/figcaption><\/a><\/figure><\/div>\t\t<\/div>\n\t\t\t\t<\/div>\n\t\t\t\t\t<\/div>\n\t\t<\/div>\n\t\t\t\t\t<\/div>\n\t\t<\/section>\n\t\t\t\t<section class=\"elementor-section elementor-top-section elementor-element elementor-element-bfadf21 elementor-section-full_width elementor-section-height-default elementor-section-height-default\" data-id=\"bfadf21\" data-element_type=\"section\">\n\t\t\t\t\t\t<div class=\"elementor-container elementor-column-gap-default\">\n\t\t\t\t\t<div class=\"elementor-column elementor-col-33 elementor-top-column elementor-element elementor-element-f944d5f\" data-id=\"f944d5f\" data-element_type=\"column\">\n\t\t\t<div class=\"elementor-widget-wrap elementor-element-populated\">\n\t\t\t\t\t\t<div class=\"elementor-element elementor-element-9818a7b elementor-widget elementor-widget-image\" data-id=\"9818a7b\" data-element_type=\"widget\" data-widget_type=\"image.default\">\n\t\t\t\t<div class=\"elementor-widget-container\">\n\t\t\t\t\t\t\t\t\t\t\t\t\t<img decoding=\"async\" src=\"https:\/\/djk-dom-minden.de\/rueckenschule\/wp-content\/uploads\/2020\/11\/DJK_Hands.jpg\" title=\"\" alt=\"\" loading=\"lazy\" \/>\t\t\t\t\t\t\t\t\t\t\t\t\t<\/div>\n\t\t\t\t<\/div>\n\t\t\t\t<div class=\"elementor-element elementor-element-2b0c929 elementor-widget elementor-widget-heading\" data-id=\"2b0c929\" data-element_type=\"widget\" data-widget_type=\"heading.default\">\n\t\t\t\t<div class=\"elementor-widget-container\">\n\t\t\t<h2 class=\"elementor-heading-title elementor-size-default\">Wir bieten mehr als das<\/h2>\t\t<\/div>\n\t\t\t\t<\/div>\n\t\t\t\t<div class=\"elementor-element elementor-element-598567d elementor-widget elementor-widget-text-editor\" data-id=\"598567d\" data-element_type=\"widget\" data-widget_type=\"text-editor.default\">\n\t\t\t\t<div class=\"elementor-widget-container\">\n\t\t\t\t\t\t\t<p>Die DJK Dom Minden bietet ein vielseitiges Kursangebot f\u00fcr alle Altersgruppen, z.B. R\u00fcckenschule, Badminton, Fu\u00dfball, American Football, Tanzen, Kinderturnen, Nordic-Walking und vieles mehr. Wir stelle verschiedene R\u00e4umlichkeiten, wie Turnhallen der Stadt, Kegelbahnen und das Haus am Dom zur Verf\u00fcgung. Sie erm\u00f6glicht Gruppenleitern und -leiterinnen die Weiterbildung auf Pfarr-, Dekanats- und Di\u00f6zesanebene sowie in katholischen Sportschulen und Weiterbildungsst\u00e4tten. Sie stellt Sportger\u00e4te, Literatur und Werkmaterial zur Verf\u00fcgung.<\/p>\t\t\t\t\t\t<\/div>\n\t\t\t\t<\/div>\n\t\t\t\t\t<\/div>\n\t\t<\/div>\n\t\t\t\t<div class=\"elementor-column elementor-col-33 elementor-top-column elementor-element elementor-element-f74d3f0\" data-id=\"f74d3f0\" data-element_type=\"column\">\n\t\t\t<div class=\"elementor-widget-wrap elementor-element-populated\">\n\t\t\t\t\t\t<div class=\"elementor-element elementor-element-402cf1d elementor-widget elementor-widget-image\" data-id=\"402cf1d\" data-element_type=\"widget\" data-widget_type=\"image.default\">\n\t\t\t\t<div class=\"elementor-widget-container\">\n\t\t\t\t\t\t\t\t\t\t\t\t\t<img decoding=\"async\" src=\"https:\/\/djk-dom-minden.de\/rueckenschule\/wp-content\/uploads\/2020\/11\/DJK_Kinder_springen.jpg\" title=\"\" alt=\"\" loading=\"lazy\" \/>\t\t\t\t\t\t\t\t\t\t\t\t\t<\/div>\n\t\t\t\t<\/div>\n\t\t\t\t<div class=\"elementor-element elementor-element-60d39ba elementor-widget elementor-widget-heading\" data-id=\"60d39ba\" data-element_type=\"widget\" data-widget_type=\"heading.default\">\n\t\t\t\t<div class=\"elementor-widget-container\">\n\t\t\t<h2 class=\"elementor-heading-title elementor-size-default\">Jugendarbeit ist uns wichtig<\/h2>\t\t<\/div>\n\t\t\t\t<\/div>\n\t\t\t\t<div class=\"elementor-element elementor-element-75b33ca elementor-widget elementor-widget-text-editor\" data-id=\"75b33ca\" data-element_type=\"widget\" data-widget_type=\"text-editor.default\">\n\t\t\t\t<div class=\"elementor-widget-container\">\n\t\t\t\t\t\t\t<p>In der Kinder- und Jugendarbeit wird viel Wert auf drei Gruppen gelegt: die Kids, die Youngsters und die Jugendgruppe. Mit diesen drei Gruppen werden alle Altersklassen abgedeckt. F\u00fcr jeden ist etwas dabei. Einmal im Monat treffen sich die Kinder und Jugendlichen und haben zusammen viel Spa\u00df bei verschiedenen Aktionen. Da die Sch\u00fcler wegen des Ganztags keine Zeit mehr haben, an w\u00f6chentlichen Gruppenstunden teilzunehmen, wurden diese Treffen eingef\u00fchrt.\u00a0<\/p>\t\t\t\t\t\t<\/div>\n\t\t\t\t<\/div>\n\t\t\t\t\t<\/div>\n\t\t<\/div>\n\t\t\t\t<div class=\"elementor-column elementor-col-33 elementor-top-column elementor-element elementor-element-2057a86\" data-id=\"2057a86\" data-element_type=\"column\">\n\t\t\t<div class=\"elementor-widget-wrap elementor-element-populated\">\n\t\t\t\t\t\t<div class=\"elementor-element elementor-element-271846e elementor-widget elementor-widget-image\" data-id=\"271846e\" data-element_type=\"widget\" data-widget_type=\"image.default\">\n\t\t\t\t<div class=\"elementor-widget-container\">\n\t\t\t\t\t\t\t\t\t\t\t\t\t<img decoding=\"async\" src=\"https:\/\/djk-dom-minden.de\/rueckenschule\/wp-content\/uploads\/2020\/09\/DJKLogo.svg\" title=\"\" alt=\"\" loading=\"lazy\" \/>\t\t\t\t\t\t\t\t\t\t\t\t\t<\/div>\n\t\t\t\t<\/div>\n\t\t\t\t<div class=\"elementor-element elementor-element-c0a7580 elementor-widget elementor-widget-heading\" data-id=\"c0a7580\" data-element_type=\"widget\" data-widget_type=\"heading.default\">\n\t\t\t\t<div class=\"elementor-widget-container\">\n\t\t\t<h2 class=\"elementor-heading-title elementor-size-default\">Wer sind wir<\/h2>\t\t<\/div>\n\t\t\t\t<\/div>\n\t\t\t\t<div class=\"elementor-element elementor-element-6f691ed elementor-widget elementor-widget-text-editor\" data-id=\"6f691ed\" data-element_type=\"widget\" data-widget_type=\"text-editor.default\">\n\t\t\t\t<div class=\"elementor-widget-container\">\n\t\t\t\t\t\t\t<p>Dank der Unterst\u00fctzung durch unsere zahlreichen Sponsoren k\u00f6nnen wir jedem Vereinsmitglied Leistungen anbieten: Kostenlose Nutzung aller DJK-Gruppen durch geschulte \u00dcbungsleiter. Faire Mitgliedsbeitr\u00e4ge, gegebenenfalls Nachl\u00e4sse bei Notlagen. Verg\u00fcnstigungen bei Veranstaltungen der DJK Dom Minden. Verg\u00fcnstigungen bei Veranstaltungen der Kooperationspartner.<br \/>Aus- und Weiterbildungsm\u00f6glichkeiten. Au\u00dferdem Angebote der Aus\u00fcbung eines freiwilligen sozialen Jahr (FSJ) und Praktika im Verein.<\/p>\t\t\t\t\t\t<\/div>\n\t\t\t\t<\/div>\n\t\t\t\t\t<\/div>\n\t\t<\/div>\n\t\t\t\t\t<\/div>\n\t\t<\/section>\n\t\t\t\t<\/div>\n\t\t","protected":false},"excerpt":{"rendered":"<p>BBP \u2013 Straffung der Figur Werde fit mit BBP Bauch Beine Po Aktuelle News BBP \u2013 Straffung der Figur 24.02.2022 Wir bieten mehr als das Die DJK Dom Minden bietet ein vielseitiges Kursangebot f\u00fcr alle Altersgruppen, z.B. R\u00fcckenschule, Badminton, Fu\u00dfball, American Football, Tanzen, Kinderturnen, Nordic-Walking und vieles mehr. Wir stelle verschiedene R\u00e4umlichkeiten, wie Turnhallen der [&hellip;]<\/p>\n","protected":false},"author":3,"featured_media":0,"parent":0,"menu_order":0,"comment_status":"closed","ping_status":"closed","template":"","meta":{"inline_featured_image":false,"footnotes":""},"class_list":["post-33","page","type-page","status-publish","hentry"],"_links":{"self":[{"href":"https:\/\/djk-dom-minden.de\/rueckenschule\/bauch-beine-po\/wp-json\/wp\/v2\/pages\/33","targetHints":{"allow":["GET"]}}],"collection":[{"href":"https:\/\/djk-dom-minden.de\/rueckenschule\/bauch-beine-po\/wp-json\/wp\/v2\/pages"}],"about":[{"href":"https:\/\/djk-dom-minden.de\/rueckenschule\/bauch-beine-po\/wp-json\/wp\/v2\/types\/page"}],"author":[{"embeddable":true,"href":"https:\/\/djk-dom-minden.de\/rueckenschule\/bauch-beine-po\/wp-json\/wp\/v2\/users\/3"}],"replies":[{"embeddable":true,"href":"https:\/\/djk-dom-minden.de\/rueckenschule\/bauch-beine-po\/wp-json\/wp\/v2\/comments?post=33"}],"version-history":[{"count":4,"href":"https:\/\/djk-dom-minden.de\/rueckenschule\/bauch-beine-po\/wp-json\/wp\/v2\/pages\/33\/revisions"}],"predecessor-version":[{"id":102,"href":"https:\/\/djk-dom-minden.de\/rueckenschule\/bauch-beine-po\/wp-json\/wp\/v2\/pages\/33\/revisions\/102"}],"wp:attachment":[{"href":"https:\/\/djk-dom-minden.de\/rueckenschule\/bauch-beine-po\/wp-json\/wp\/v2\/media?parent=33"}],"curies":[{"name":"wp","href":"https:\/\/api.w.org\/{rel}","templated":true}]}}